{"id":16287,"date":"2025-06-29T08:34:41","date_gmt":"2025-06-29T06:34:41","guid":{"rendered":"https:\/\/festivalphotocholet.com\/?page_id=16287"},"modified":"2025-08-19T07:22:02","modified_gmt":"2025-08-19T05:22:02","slug":"elementor-16287","status":"publish","type":"page","link":"https:\/\/festivalphotocholet.com\/?page_id=16287","title":{"rendered":"Programmation 2025"},"content":{"rendered":"\t\t<div data-elementor-type=\"wp-page\" data-elementor-id=\"16287\" class=\"elementor elementor-16287\">\n\t\t\t\t\t\t\t\t\t<section class=\"elementor-section elementor-top-section elementor-element elementor-element-55d9ce3f elementor-section-full_width elementor-section-height-default elementor-section-height-default elementor-invisible\" data-id=\"55d9ce3f\" data-element_type=\"section\" data-settings=\"{&quot;motion_fx_motion_fx_scrolling&quot;:&quot;yes&quot;,&quot;animation&quot;:&quot;fadeInRight&quot;,&quot;motion_fx_devices&quot;:[&quot;desktop&quot;,&quot;tablet&quot;,&quot;mobile&quot;]}\">\n\t\t\t\t\t\t<div class=\"elementor-container elementor-column-gap-no\">\n\t\t\t\t\t<div class=\"elementor-column elementor-col-100 elementor-top-column elementor-element elementor-element-2570ba86\" data-id=\"2570ba86\" data-element_type=\"column\">\n\t\t\t<div class=\"elementor-widget-wrap elementor-element-populated\">\n\t\t\t\t\t\t\t\t<div class=\"elementor-element elementor-element-3b854fe elementor-cta--layout-image-left elementor-cta--valign-top elementor-cta--mobile-layout-image-above elementor-cta--tablet-layout-image-above elementor-cta--skin-classic elementor-animated-content elementor-bg-transform elementor-bg-transform-zoom-in elementor-widget elementor-widget-call-to-action\" data-id=\"3b854fe\" data-element_type=\"widget\" data-widget_type=\"call-to-action.default\">\n\t\t\t\t<div class=\"elementor-widget-container\">\n\t\t\t<link rel=\"stylesheet\" href=\"https:\/\/festivalphotocholet.com\/wp-content\/plugins\/elementor-pro\/assets\/css\/widget-call-to-action.min.css\">\t\t<a class=\"elementor-cta\" href=\"https:\/\/festivalphotocholet.com\/?page_id=15977\">\n\t\t\t\t\t<div class=\"elementor-cta__bg-wrapper\">\n\t\t\t\t<div class=\"elementor-cta__bg elementor-bg\" style=\"background-image: url(https:\/\/festivalphotocholet.com\/wp-content\/uploads\/2025\/06\/2025-EBALANCA-BANDEAU-LISTE.png);\"><\/div>\n\t\t\t\t<div class=\"elementor-cta__bg-overlay\"><\/div>\n\t\t\t<\/div>\n\t\t\t\t\t\t\t<div class=\"elementor-cta__content\">\n\t\t\t\t\n\t\t\t\t<h2 class=\"elementor-cta__title elementor-cta__content-item elementor-content-item\">ERWAN BALAN\u00c7A<\/h2>\n\t\t\t\t\t\t\t\t\t<div class=\"elementor-cta__description elementor-cta__content-item elementor-content-item\">\n\t\t\t\t\t\tFROMAGES SAUVAGES\t\t\t\t\t<\/div>\n\t\t\t\t\n\t\t\t\t\t\t\t<\/div>\n\t\t\t\t\t\t<\/a>\n\t\t\t\t<\/div>\n\t\t\t\t<\/div>\n\t\t\t\t\t<\/div>\n\t\t<\/div>\n\t\t\t\t\t\t\t<\/div>\n\t\t<\/section>\n\t\t\t\t<section class=\"elementor-section elementor-top-section elementor-element elementor-element-17574d3d elementor-section-full_width elementor-section-height-default elementor-section-height-default elementor-invisible\" data-id=\"17574d3d\" data-element_type=\"section\" data-settings=\"{&quot;motion_fx_motion_fx_scrolling&quot;:&quot;yes&quot;,&quot;animation&quot;:&quot;fadeInLeft&quot;,&quot;motion_fx_devices&quot;:[&quot;desktop&quot;,&quot;tablet&quot;,&quot;mobile&quot;]}\">\n\t\t\t\t\t\t<div class=\"elementor-container elementor-column-gap-no\">\n\t\t\t\t\t<div class=\"elementor-column elementor-col-100 elementor-top-column elementor-element elementor-element-76790049\" data-id=\"76790049\" data-element_type=\"column\">\n\t\t\t<div class=\"elementor-widget-wrap elementor-element-populated\">\n\t\t\t\t\t\t\t\t<div class=\"elementor-element elementor-element-22871286 elementor-cta--layout-image-right elementor-cta--valign-top elementor-widget__width-inherit elementor-cta--mobile-layout-image-above elementor-cta--tablet-layout-image-above elementor-cta--skin-classic elementor-animated-content elementor-bg-transform elementor-bg-transform-zoom-in elementor-widget elementor-widget-call-to-action\" data-id=\"22871286\" data-element_type=\"widget\" data-widget_type=\"call-to-action.default\">\n\t\t\t\t<div class=\"elementor-widget-container\">\n\t\t\t\t\t<a class=\"elementor-cta\" href=\"https:\/\/festivalphotocholet.com\/?page_id=15961\">\n\t\t\t\t\t<div class=\"elementor-cta__bg-wrapper\">\n\t\t\t\t<div class=\"elementor-cta__bg elementor-bg\" style=\"background-image: url(https:\/\/festivalphotocholet.com\/wp-content\/uploads\/2025\/06\/2025-EBOUVET-BANDEAU-LISTE.png);\"><\/div>\n\t\t\t\t<div class=\"elementor-cta__bg-overlay\"><\/div>\n\t\t\t<\/div>\n\t\t\t\t\t\t\t<div class=\"elementor-cta__content\">\n\t\t\t\t\n\t\t\t\t<h2 class=\"elementor-cta__title elementor-cta__content-item elementor-content-item\">ERIC BOUVET<\/h2>\n\t\t\t\t\t\t\t\t\t<div class=\"elementor-cta__description elementor-cta__content-item elementor-content-item\">\n\t\t\t\t\t\t\u00c9L\u00c9VATIONS\t\t\t\t\t<\/div>\n\t\t\t\t\n\t\t\t\t\t\t\t<\/div>\n\t\t\t\t\t\t<\/a>\n\t\t\t\t<\/div>\n\t\t\t\t<\/div>\n\t\t\t\t\t<\/div>\n\t\t<\/div>\n\t\t\t\t\t\t\t<\/div>\n\t\t<\/section>\n\t\t\t\t<section class=\"elementor-section elementor-top-section elementor-element elementor-element-13760f8d elementor-section-full_width elementor-section-height-default elementor-section-height-default elementor-invisible\" data-id=\"13760f8d\" data-element_type=\"section\" data-settings=\"{&quot;motion_fx_motion_fx_scrolling&quot;:&quot;yes&quot;,&quot;animation&quot;:&quot;fadeInRight&quot;,&quot;motion_fx_devices&quot;:[&quot;desktop&quot;,&quot;tablet&quot;,&quot;mobile&quot;]}\">\n\t\t\t\t\t\t<div class=\"elementor-container elementor-column-gap-no\">\n\t\t\t\t\t<div class=\"elementor-column elementor-col-100 elementor-top-column elementor-element elementor-element-7c67b0d7\" data-id=\"7c67b0d7\" data-element_type=\"column\">\n\t\t\t<div class=\"elementor-widget-wrap elementor-element-populated\">\n\t\t\t\t\t\t\t\t<div class=\"elementor-element elementor-element-24792cde elementor-cta--layout-image-left elementor-cta--valign-top elementor-cta--mobile-layout-image-above elementor-cta--tablet-layout-image-above elementor-cta--skin-classic elementor-animated-content elementor-bg-transform elementor-bg-transform-zoom-in elementor-widget elementor-widget-call-to-action\" data-id=\"24792cde\" data-element_type=\"widget\" data-widget_type=\"call-to-action.default\">\n\t\t\t\t<div class=\"elementor-widget-container\">\n\t\t\t\t\t<a class=\"elementor-cta\" href=\"https:\/\/festivalphotocholet.com\/?page_id=15985\">\n\t\t\t\t\t<div class=\"elementor-cta__bg-wrapper\">\n\t\t\t\t<div class=\"elementor-cta__bg elementor-bg\" style=\"background-image: url(https:\/\/festivalphotocholet.com\/wp-content\/uploads\/2025\/06\/2025-PDEVALLOMBREUSE-BANDEAU-LISTE.png);\"><\/div>\n\t\t\t\t<div class=\"elementor-cta__bg-overlay\"><\/div>\n\t\t\t<\/div>\n\t\t\t\t\t\t\t<div class=\"elementor-cta__content\">\n\t\t\t\t\n\t\t\t\t<h2 class=\"elementor-cta__title elementor-cta__content-item elementor-content-item\">PIERRE DE VALLOMBREUSE<\/h2>\n\t\t\t\t\t\t\t\t\t<div class=\"elementor-cta__description elementor-cta__content-item elementor-content-item\">\n\t\t\t\t\t\tBADJAOS, LES NOMADES DE LA MER\t\t\t\t\t<\/div>\n\t\t\t\t\n\t\t\t\t\t\t\t<\/div>\n\t\t\t\t\t\t<\/a>\n\t\t\t\t<\/div>\n\t\t\t\t<\/div>\n\t\t\t\t\t<\/div>\n\t\t<\/div>\n\t\t\t\t\t\t\t<\/div>\n\t\t<\/section>\n\t\t\t\t<section class=\"elementor-section elementor-top-section elementor-element elementor-element-50f75001 elementor-section-full_width elementor-section-height-default elementor-section-height-default elementor-invisible\" data-id=\"50f75001\" data-element_type=\"section\" data-settings=\"{&quot;motion_fx_motion_fx_scrolling&quot;:&quot;yes&quot;,&quot;animation&quot;:&quot;fadeInLeft&quot;,&quot;motion_fx_devices&quot;:[&quot;desktop&quot;,&quot;tablet&quot;,&quot;mobile&quot;]}\">\n\t\t\t\t\t\t<div class=\"elementor-container elementor-column-gap-no\">\n\t\t\t\t\t<div class=\"elementor-column elementor-col-100 elementor-top-column elementor-element elementor-element-56696cd9\" data-id=\"56696cd9\" data-element_type=\"column\">\n\t\t\t<div class=\"elementor-widget-wrap elementor-element-populated\">\n\t\t\t\t\t\t\t\t<div class=\"elementor-element elementor-element-420ac09c elementor-cta--layout-image-right elementor-cta--valign-top elementor-cta--mobile-layout-image-above elementor-cta--tablet-layout-image-above elementor-cta--skin-classic elementor-animated-content elementor-bg-transform elementor-bg-transform-zoom-in elementor-widget elementor-widget-call-to-action\" data-id=\"420ac09c\" data-element_type=\"widget\" data-widget_type=\"call-to-action.default\">\n\t\t\t\t<div class=\"elementor-widget-container\">\n\t\t\t\t\t<a class=\"elementor-cta\" href=\"https:\/\/festivalphotocholet.com\/?page_id=15914\">\n\t\t\t\t\t<div class=\"elementor-cta__bg-wrapper\">\n\t\t\t\t<div class=\"elementor-cta__bg elementor-bg\" style=\"background-image: url(https:\/\/festivalphotocholet.com\/wp-content\/uploads\/2025\/06\/2025-MDOZ-BANDEAU-LISTE.png);\"><\/div>\n\t\t\t\t<div class=\"elementor-cta__bg-overlay\"><\/div>\n\t\t\t<\/div>\n\t\t\t\t\t\t\t<div class=\"elementor-cta__content\">\n\t\t\t\t\n\t\t\t\t<h2 class=\"elementor-cta__title elementor-cta__content-item elementor-content-item\">MARIANNE DOZ<\/h2>\n\t\t\t\t\t\t\t\t\t<div class=\"elementor-cta__description elementor-cta__content-item elementor-content-item\">\n\t\t\t\t\t\tVISAGES MIRAGES\t\t\t\t\t<\/div>\n\t\t\t\t\n\t\t\t\t\t\t\t<\/div>\n\t\t\t\t\t\t<\/a>\n\t\t\t\t<\/div>\n\t\t\t\t<\/div>\n\t\t\t\t\t<\/div>\n\t\t<\/div>\n\t\t\t\t\t\t\t<\/div>\n\t\t<\/section>\n\t\t\t\t<section class=\"elementor-section elementor-top-section elementor-element elementor-element-ea8cdfc elementor-section-full_width elementor-section-height-default elementor-section-height-default elementor-invisible\" data-id=\"ea8cdfc\" data-element_type=\"section\" data-settings=\"{&quot;motion_fx_motion_fx_scrolling&quot;:&quot;yes&quot;,&quot;animation&quot;:&quot;fadeInRight&quot;,&quot;motion_fx_devices&quot;:[&quot;desktop&quot;,&quot;tablet&quot;,&quot;mobile&quot;]}\">\n\t\t\t\t\t\t<div class=\"elementor-container elementor-column-gap-no\">\n\t\t\t\t\t<div class=\"elementor-column elementor-col-100 elementor-top-column elementor-element elementor-element-4632a127\" data-id=\"4632a127\" data-element_type=\"column\">\n\t\t\t<div class=\"elementor-widget-wrap elementor-element-populated\">\n\t\t\t\t\t\t\t\t<div class=\"elementor-element elementor-element-471ccbe1 elementor-cta--layout-image-left elementor-cta--valign-top elementor-cta--mobile-layout-image-above elementor-cta--tablet-layout-image-above elementor-cta--skin-classic elementor-animated-content elementor-bg-transform elementor-bg-transform-zoom-in elementor-widget elementor-widget-call-to-action\" data-id=\"471ccbe1\" data-element_type=\"widget\" data-widget_type=\"call-to-action.default\">\n\t\t\t\t<div class=\"elementor-widget-container\">\n\t\t\t\t\t<a class=\"elementor-cta\" href=\"https:\/\/festivalphotocholet.com\/?page_id=15969\">\n\t\t\t\t\t<div class=\"elementor-cta__bg-wrapper\">\n\t\t\t\t<div class=\"elementor-cta__bg elementor-bg\" style=\"background-image: url(https:\/\/festivalphotocholet.com\/wp-content\/uploads\/2025\/06\/2025-AGONIN-BANDEAU-LISTE.png);\"><\/div>\n\t\t\t\t<div class=\"elementor-cta__bg-overlay\"><\/div>\n\t\t\t<\/div>\n\t\t\t\t\t\t\t<div class=\"elementor-cta__content\">\n\t\t\t\t\n\t\t\t\t<h2 class=\"elementor-cta__title elementor-cta__content-item elementor-content-item\">ANTOINE GONIN<\/h2>\n\t\t\t\t\t\t\t\t\t<div class=\"elementor-cta__description elementor-cta__content-item elementor-content-item\">\n\t\t\t\t\t\tEMPREINTE\t\t\t\t\t<\/div>\n\t\t\t\t\n\t\t\t\t\t\t\t<\/div>\n\t\t\t\t\t\t<\/a>\n\t\t\t\t<\/div>\n\t\t\t\t<\/div>\n\t\t\t\t\t<\/div>\n\t\t<\/div>\n\t\t\t\t\t\t\t<\/div>\n\t\t<\/section>\n\t\t\t\t\t\t\t<\/div>\n\t\t","protected":false},"excerpt":{"rendered":"<p>ERWAN BALAN\u00c7A FROMAGES SAUVAGES ERIC BOUVET \u00c9L\u00c9VATIONS PIERRE DE VALLOMBREUSE BADJAOS, LES NOMADES DE LA MER MARIANNE DOZ VISAGES MIRAGES ANTOINE GONIN EMPREINTE<\/p>\n","protected":false},"author":1,"featured_media":0,"parent":0,"menu_order":0,"comment_status":"closed","ping_status":"closed","template":"","meta":{"neve_meta_sidebar":"","neve_meta_container":"","neve_meta_enable_content_width":"","neve_meta_content_width":0,"neve_meta_title_alignment":"","neve_meta_author_avatar":"","neve_post_elements_order":"","neve_meta_disable_header":"","neve_meta_disable_footer":"","neve_meta_disable_title":"","neve_meta_reading_time":"","_themeisle_gutenberg_block_has_review":false,"_ti_tpc_template_sync":false,"_ti_tpc_template_id":""},"yoast_head":"<!-- This site is optimized with the Yoast SEO plugin v19.1 - https:\/\/yoast.com\/wordpress\/plugins\/seo\/ -->\n<title>Programmation 2025 - Festival Photo de Cholet<\/title>\n<meta name=\"robots\" content=\"index, follow, max-snippet:-1, max-image-preview:large, max-video-preview:-1\" \/>\n<link rel=\"canonical\" href=\"https:\/\/festivalphotocholet.com\/?page_id=16287\" \/>\n<meta property=\"og:locale\" content=\"fr_FR\" \/>\n<meta property=\"og:type\" content=\"article\" \/>\n<meta property=\"og:title\" content=\"Programmation 2025 - Festival Photo de Cholet\" \/>\n<meta property=\"og:description\" content=\"ERWAN BALAN\u00c7A FROMAGES SAUVAGES ERIC BOUVET \u00c9L\u00c9VATIONS PIERRE DE VALLOMBREUSE BADJAOS, LES NOMADES DE LA MER MARIANNE DOZ VISAGES MIRAGES ANTOINE GONIN EMPREINTE\" \/>\n<meta property=\"og:url\" content=\"https:\/\/festivalphotocholet.com\/?page_id=16287\" \/>\n<meta property=\"og:site_name\" content=\"Festival Photo de Cholet\" \/>\n<meta property=\"article:publisher\" content=\"https:\/\/www.facebook.com\/festivalphotodecholet\" \/>\n<meta property=\"article:modified_time\" content=\"2025-08-19T05:22:02+00:00\" \/>\n<meta name=\"twitter:label1\" content=\"Dur\u00e9e de lecture estim\u00e9e\" \/>\n\t<meta name=\"twitter:data1\" content=\"1 minute\" \/>\n<script type=\"application\/ld+json\" class=\"yoast-schema-graph\">{\"@context\":\"https:\/\/schema.org\",\"@graph\":[{\"@type\":\"Organization\",\"@id\":\"https:\/\/festivalphotocholet.com\/#organization\",\"name\":\"Festival Photo Cholet\",\"url\":\"https:\/\/festivalphotocholet.com\/\",\"sameAs\":[\"https:\/\/www.instagram.com\/festivalphotocholet\/\",\"https:\/\/www.facebook.com\/festivalphotodecholet\"],\"logo\":{\"@type\":\"ImageObject\",\"inLanguage\":\"fr-FR\",\"@id\":\"https:\/\/festivalphotocholet.com\/#\/schema\/logo\/image\/\",\"url\":\"https:\/\/festivalphotocholet.com\/wp-content\/uploads\/2022\/09\/cropped-cropped-Logo-Festival-1.jpg\",\"contentUrl\":\"https:\/\/festivalphotocholet.com\/wp-content\/uploads\/2022\/09\/cropped-cropped-Logo-Festival-1.jpg\",\"width\":200,\"height\":111,\"caption\":\"Festival Photo Cholet\"},\"image\":{\"@id\":\"https:\/\/festivalphotocholet.com\/#\/schema\/logo\/image\/\"}},{\"@type\":\"WebSite\",\"@id\":\"https:\/\/festivalphotocholet.com\/#website\",\"url\":\"https:\/\/festivalphotocholet.com\/\",\"name\":\"Festival Photo de Cholet\",\"description\":\"Festival Photo de Cholet\",\"publisher\":{\"@id\":\"https:\/\/festivalphotocholet.com\/#organization\"},\"potentialAction\":[{\"@type\":\"SearchAction\",\"target\":{\"@type\":\"EntryPoint\",\"urlTemplate\":\"https:\/\/festivalphotocholet.com\/?s={search_term_string}\"},\"query-input\":\"required name=search_term_string\"}],\"inLanguage\":\"fr-FR\"},{\"@type\":\"WebPage\",\"@id\":\"https:\/\/festivalphotocholet.com\/?page_id=16287#webpage\",\"url\":\"https:\/\/festivalphotocholet.com\/?page_id=16287\",\"name\":\"Programmation 2025 - Festival Photo de Cholet\",\"isPartOf\":{\"@id\":\"https:\/\/festivalphotocholet.com\/#website\"},\"datePublished\":\"2025-06-29T06:34:41+00:00\",\"dateModified\":\"2025-08-19T05:22:02+00:00\",\"breadcrumb\":{\"@id\":\"https:\/\/festivalphotocholet.com\/?page_id=16287#breadcrumb\"},\"inLanguage\":\"fr-FR\",\"potentialAction\":[{\"@type\":\"ReadAction\",\"target\":[\"https:\/\/festivalphotocholet.com\/?page_id=16287\"]}]},{\"@type\":\"BreadcrumbList\",\"@id\":\"https:\/\/festivalphotocholet.com\/?page_id=16287#breadcrumb\",\"itemListElement\":[{\"@type\":\"ListItem\",\"position\":1,\"name\":\"Accueil\",\"item\":\"https:\/\/festivalphotocholet.com\/\"},{\"@type\":\"ListItem\",\"position\":2,\"name\":\"Programmation 2025\"}]}]}<\/script>\n<!-- \/ Yoast SEO plugin. -->","yoast_head_json":{"title":"Programmation 2025 - Festival Photo de Cholet","robots":{"index":"index","follow":"follow","max-snippet":"max-snippet:-1","max-image-preview":"max-image-preview:large","max-video-preview":"max-video-preview:-1"},"canonical":"https:\/\/festivalphotocholet.com\/?page_id=16287","og_locale":"fr_FR","og_type":"article","og_title":"Programmation 2025 - Festival Photo de Cholet","og_description":"ERWAN BALAN\u00c7A FROMAGES SAUVAGES ERIC BOUVET \u00c9L\u00c9VATIONS PIERRE DE VALLOMBREUSE BADJAOS, LES NOMADES DE LA MER MARIANNE DOZ VISAGES MIRAGES ANTOINE GONIN EMPREINTE","og_url":"https:\/\/festivalphotocholet.com\/?page_id=16287","og_site_name":"Festival Photo de Cholet","article_publisher":"https:\/\/www.facebook.com\/festivalphotodecholet","article_modified_time":"2025-08-19T05:22:02+00:00","twitter_misc":{"Dur\u00e9e de lecture estim\u00e9e":"1 minute"},"schema":{"@context":"https:\/\/schema.org","@graph":[{"@type":"Organization","@id":"https:\/\/festivalphotocholet.com\/#organization","name":"Festival Photo Cholet","url":"https:\/\/festivalphotocholet.com\/","sameAs":["https:\/\/www.instagram.com\/festivalphotocholet\/","https:\/\/www.facebook.com\/festivalphotodecholet"],"logo":{"@type":"ImageObject","inLanguage":"fr-FR","@id":"https:\/\/festivalphotocholet.com\/#\/schema\/logo\/image\/","url":"https:\/\/festivalphotocholet.com\/wp-content\/uploads\/2022\/09\/cropped-cropped-Logo-Festival-1.jpg","contentUrl":"https:\/\/festivalphotocholet.com\/wp-content\/uploads\/2022\/09\/cropped-cropped-Logo-Festival-1.jpg","width":200,"height":111,"caption":"Festival Photo Cholet"},"image":{"@id":"https:\/\/festivalphotocholet.com\/#\/schema\/logo\/image\/"}},{"@type":"WebSite","@id":"https:\/\/festivalphotocholet.com\/#website","url":"https:\/\/festivalphotocholet.com\/","name":"Festival Photo de Cholet","description":"Festival Photo de Cholet","publisher":{"@id":"https:\/\/festivalphotocholet.com\/#organization"},"potentialAction":[{"@type":"SearchAction","target":{"@type":"EntryPoint","urlTemplate":"https:\/\/festivalphotocholet.com\/?s={search_term_string}"},"query-input":"required name=search_term_string"}],"inLanguage":"fr-FR"},{"@type":"WebPage","@id":"https:\/\/festivalphotocholet.com\/?page_id=16287#webpage","url":"https:\/\/festivalphotocholet.com\/?page_id=16287","name":"Programmation 2025 - Festival Photo de Cholet","isPartOf":{"@id":"https:\/\/festivalphotocholet.com\/#website"},"datePublished":"2025-06-29T06:34:41+00:00","dateModified":"2025-08-19T05:22:02+00:00","breadcrumb":{"@id":"https:\/\/festivalphotocholet.com\/?page_id=16287#breadcrumb"},"inLanguage":"fr-FR","potentialAction":[{"@type":"ReadAction","target":["https:\/\/festivalphotocholet.com\/?page_id=16287"]}]},{"@type":"BreadcrumbList","@id":"https:\/\/festivalphotocholet.com\/?page_id=16287#breadcrumb","itemListElement":[{"@type":"ListItem","position":1,"name":"Accueil","item":"https:\/\/festivalphotocholet.com\/"},{"@type":"ListItem","position":2,"name":"Programmation 2025"}]}]}},"_links":{"self":[{"href":"https:\/\/festivalphotocholet.com\/index.php?rest_route=\/wp\/v2\/pages\/16287"}],"collection":[{"href":"https:\/\/festivalphotocholet.com\/index.php?rest_route=\/wp\/v2\/pages"}],"about":[{"href":"https:\/\/festivalphotocholet.com\/index.php?rest_route=\/wp\/v2\/types\/page"}],"author":[{"embeddable":true,"href":"https:\/\/festivalphotocholet.com\/index.php?rest_route=\/wp\/v2\/users\/1"}],"replies":[{"embeddable":true,"href":"https:\/\/festivalphotocholet.com\/index.php?rest_route=%2Fwp%2Fv2%2Fcomments&post=16287"}],"version-history":[{"count":75,"href":"https:\/\/festivalphotocholet.com\/index.php?rest_route=\/wp\/v2\/pages\/16287\/revisions"}],"predecessor-version":[{"id":16962,"href":"https:\/\/festivalphotocholet.com\/index.php?rest_route=\/wp\/v2\/pages\/16287\/revisions\/16962"}],"wp:attachment":[{"href":"https:\/\/festivalphotocholet.com\/index.php?rest_route=%2Fwp%2Fv2%2Fmedia&parent=16287"}],"curies":[{"name":"wp","href":"https:\/\/api.w.org\/{rel}","templated":true}]}}