{"id":1813,"date":"2022-07-07T06:06:17","date_gmt":"2022-07-07T04:06:17","guid":{"rendered":"http:\/\/festivalphotocholet.com\/?page_id=1813"},"modified":"2023-10-08T10:07:34","modified_gmt":"2023-10-08T08:07:34","slug":"1813-2","status":"publish","type":"page","link":"https:\/\/festivalphotocholet.com\/?page_id=1813","title":{"rendered":"D\u00e9couvrir le GAP"},"content":{"rendered":"\t\t<div data-elementor-type=\"wp-page\" data-elementor-id=\"1813\" class=\"elementor elementor-1813\">\n\t\t\t\t\t\t\t\t\t<section class=\"elementor-section elementor-top-section elementor-element elementor-element-c02cf28 elementor-hidden-mobile elementor-section-boxed elementor-section-height-default elementor-section-height-default\" data-id=\"c02cf28\" data-element_type=\"section\">\n\t\t\t\t\t\t<div class=\"elementor-container elementor-column-gap-default\">\n\t\t\t\t\t<div class=\"elementor-column elementor-col-100 elementor-top-column elementor-element elementor-element-1f86903\" data-id=\"1f86903\" data-element_type=\"column\">\n\t\t\t<div class=\"elementor-widget-wrap elementor-element-populated\">\n\t\t\t\t\t\t\t\t<div class=\"elementor-element elementor-element-5894490 elementor-widget elementor-widget-spacer\" data-id=\"5894490\" data-element_type=\"widget\" data-widget_type=\"spacer.default\">\n\t\t\t\t<div class=\"elementor-widget-container\">\n\t\t\t<style>\/*! elementor - v3.6.7 - 03-07-2022 *\/\n.e-container.e-container--row .elementor-spacer-inner{width:var(--spacer-size)}.e-container.e-container--column .elementor-spacer-inner,.elementor-column .elementor-spacer-inner{height:var(--spacer-size)}<\/style>\t\t<div class=\"elementor-spacer\">\n\t\t\t<div class=\"elementor-spacer-inner\"><\/div>\n\t\t<\/div>\n\t\t\t\t<\/div>\n\t\t\t\t<\/div>\n\t\t\t\t\t<\/div>\n\t\t<\/div>\n\t\t\t\t\t\t\t<\/div>\n\t\t<\/section>\n\t\t\t\t<section class=\"elementor-section elementor-top-section elementor-element elementor-element-542d51b elementor-section-full_width elementor-section-height-default elementor-section-height-default\" data-id=\"542d51b\" data-element_type=\"section\" data-settings=\"{&quot;background_background&quot;:&quot;classic&quot;}\">\n\t\t\t\t\t\t<div class=\"elementor-container elementor-column-gap-default\">\n\t\t\t\t\t<div class=\"elementor-column elementor-col-33 elementor-top-column elementor-element elementor-element-48e4bdc\" data-id=\"48e4bdc\" data-element_type=\"column\">\n\t\t\t<div class=\"elementor-widget-wrap\">\n\t\t\t\t\t\t\t\t\t<\/div>\n\t\t<\/div>\n\t\t\t\t<div class=\"elementor-column elementor-col-33 elementor-top-column elementor-element elementor-element-c7cd03b\" data-id=\"c7cd03b\" data-element_type=\"column\">\n\t\t\t<div class=\"elementor-widget-wrap elementor-element-populated\">\n\t\t\t\t\t\t\t\t<div class=\"elementor-element elementor-element-19e7992 elementor-widget-divider--view-line_text elementor-widget-divider--element-align-left elementor-widget elementor-widget-divider\" data-id=\"19e7992\" data-element_type=\"widget\" data-widget_type=\"divider.default\">\n\t\t\t\t<div class=\"elementor-widget-container\">\n\t\t\t<style>\/*! elementor - v3.6.7 - 03-07-2022 *\/\n.elementor-widget-divider{--divider-border-style:none;--divider-border-width:1px;--divider-color:#2c2c2c;--divider-icon-size:20px;--divider-element-spacing:10px;--divider-pattern-height:24px;--divider-pattern-size:20px;--divider-pattern-url:none;--divider-pattern-repeat:repeat-x}.elementor-widget-divider .elementor-divider{display:-webkit-box;display:-ms-flexbox;display:flex}.elementor-widget-divider .elementor-divider__text{font-size:15px;line-height:1;max-width:95%}.elementor-widget-divider .elementor-divider__element{margin:0 var(--divider-element-spacing);-ms-flex-negative:0;flex-shrink:0}.elementor-widget-divider .elementor-icon{font-size:var(--divider-icon-size)}.elementor-widget-divider .elementor-divider-separator{display:-webkit-box;display:-ms-flexbox;display:flex;margin:0;direction:ltr}.elementor-widget-divider--view-line_icon .elementor-divider-separator,.elementor-widget-divider--view-line_text .elementor-divider-separator{-webkit-box-align:center;-ms-flex-align:center;align-items:center}.elementor-widget-divider--view-line_icon .elementor-divider-separator:after,.elementor-widget-divider--view-line_icon .elementor-divider-separator:before,.elementor-widget-divider--view-line_text .elementor-divider-separator:after,.elementor-widget-divider--view-line_text .elementor-divider-separator:before{display:block;content:\"\";border-bottom:0;-webkit-box-flex:1;-ms-flex-positive:1;flex-grow:1;border-top:var(--divider-border-width) var(--divider-border-style) var(--divider-color)}.elementor-widget-divider--element-align-left .elementor-divider .elementor-divider-separator>.elementor-divider__svg:first-of-type{-webkit-box-flex:0;-ms-flex-positive:0;flex-grow:0;-ms-flex-negative:100;flex-shrink:100}.elementor-widget-divider--element-align-left .elementor-divider-separator:before{content:none}.elementor-widget-divider--element-align-left .elementor-divider__element{margin-left:0}.elementor-widget-divider--element-align-right .elementor-divider .elementor-divider-separator>.elementor-divider__svg:last-of-type{-webkit-box-flex:0;-ms-flex-positive:0;flex-grow:0;-ms-flex-negative:100;flex-shrink:100}.elementor-widget-divider--element-align-right .elementor-divider-separator:after{content:none}.elementor-widget-divider--element-align-right .elementor-divider__element{margin-right:0}.elementor-widget-divider:not(.elementor-widget-divider--view-line_text):not(.elementor-widget-divider--view-line_icon) .elementor-divider-separator{border-top:var(--divider-border-width) var(--divider-border-style) var(--divider-color)}.elementor-widget-divider--separator-type-pattern{--divider-border-style:none}.elementor-widget-divider--separator-type-pattern.elementor-widget-divider--view-line .elementor-divider-separator,.elementor-widget-divider--separator-type-pattern:not(.elementor-widget-divider--view-line) .elementor-divider-separator:after,.elementor-widget-divider--separator-type-pattern:not(.elementor-widget-divider--view-line) .elementor-divider-separator:before,.elementor-widget-divider--separator-type-pattern:not([class*=elementor-widget-divider--view]) .elementor-divider-separator{width:100%;min-height:var(--divider-pattern-height);-webkit-mask-size:var(--divider-pattern-size) 100%;mask-size:var(--divider-pattern-size) 100%;-webkit-mask-repeat:var(--divider-pattern-repeat);mask-repeat:var(--divider-pattern-repeat);background-color:var(--divider-color);-webkit-mask-image:var(--divider-pattern-url);mask-image:var(--divider-pattern-url)}.elementor-widget-divider--no-spacing{--divider-pattern-size:auto}.elementor-widget-divider--bg-round{--divider-pattern-repeat:round}.rtl .elementor-widget-divider .elementor-divider__text{direction:rtl}<\/style>\t\t<div class=\"elementor-divider\">\n\t\t\t<span class=\"elementor-divider-separator\">\n\t\t\t\t\t\t\t<span class=\"elementor-divider__text elementor-divider__element\">\n\t\t\t\tL'histoire du GAP\t\t\t\t<\/span>\n\t\t\t\t\t\t<\/span>\n\t\t<\/div>\n\t\t\t\t<\/div>\n\t\t\t\t<\/div>\n\t\t\t\t\t<\/div>\n\t\t<\/div>\n\t\t\t\t<div class=\"elementor-column elementor-col-33 elementor-top-column elementor-element elementor-element-3ee365c\" data-id=\"3ee365c\" data-element_type=\"column\">\n\t\t\t<div class=\"elementor-widget-wrap\">\n\t\t\t\t\t\t\t\t\t<\/div>\n\t\t<\/div>\n\t\t\t\t\t\t\t<\/div>\n\t\t<\/section>\n\t\t\t\t<section class=\"elementor-section elementor-top-section elementor-element elementor-element-f2c3f3d elementor-section-full_width elementor-section-height-default elementor-section-height-default\" data-id=\"f2c3f3d\" data-element_type=\"section\" data-settings=\"{&quot;background_background&quot;:&quot;classic&quot;}\">\n\t\t\t\t\t\t<div class=\"elementor-container elementor-column-gap-default\">\n\t\t\t\t\t<div class=\"elementor-column elementor-col-33 elementor-top-column elementor-element elementor-element-95887aa\" data-id=\"95887aa\" data-element_type=\"column\">\n\t\t\t<div class=\"elementor-widget-wrap\">\n\t\t\t\t\t\t\t\t\t<\/div>\n\t\t<\/div>\n\t\t\t\t<div class=\"elementor-column elementor-col-33 elementor-top-column elementor-element elementor-element-46d2a64\" data-id=\"46d2a64\" data-element_type=\"column\">\n\t\t\t<div class=\"elementor-widget-wrap elementor-element-populated\">\n\t\t\t\t\t\t\t\t<div class=\"elementor-element elementor-element-10e751b elementor-widget elementor-widget-text-editor\" data-id=\"10e751b\" data-element_type=\"widget\" data-widget_type=\"text-editor.default\">\n\t\t\t\t<div class=\"elementor-widget-container\">\n\t\t\t<style>\/*! elementor - v3.6.7 - 03-07-2022 *\/\n.elementor-widget-text-editor.elementor-drop-cap-view-stacked .elementor-drop-cap{background-color:#818a91;color:#fff}.elementor-widget-text-editor.elementor-drop-cap-view-framed .elementor-drop-cap{color:#818a91;border:3px solid;background-color:transparent}.elementor-widget-text-editor:not(.elementor-drop-cap-view-default) .elementor-drop-cap{margin-top:8px}.elementor-widget-text-editor:not(.elementor-drop-cap-view-default) .elementor-drop-cap-letter{width:1em;height:1em}.elementor-widget-text-editor .elementor-drop-cap{float:left;text-align:center;line-height:1;font-size:50px}.elementor-widget-text-editor .elementor-drop-cap-letter{display:inline-block}<\/style>\t\t\t\t<p>En 1976, le Groupe d&#8217;Animation Photographique (GAP), association loi 1901 \u00e0 but non lucratif, est cr\u00e9\u00e9 \u00e0 l&#8217;initiative de G\u00e9rard MASSE et d\u2019un groupe d&#8217;amis passionn\u00e9s de photographie.<\/p><p>De 1976 \u00e0 2019 : En multipliant contacts et rencontres, \u00e0 Arles en particulier, le GAP a contribu\u00e9 \u00e0 la promotion de la photographie aupr\u00e8s du grand public, en faisant conna\u00eetre une s\u00e9lection d\u2019\u0153uvres\u00a0 d\u2019artistes reconnus dans cet art. Soutenu par la municipalit\u00e9 de Cholet, le GAP a ainsi organis\u00e9 chaque ann\u00e9e, deux semaines d\u2019exposition appel\u00e9es Quinzaine Photographique. De grands noms de la cr\u00e9ation d\u2019images s\u2019y sont ainsi succ\u00e9d\u00e9 : Lucien CLERGUE, Jean DIEUZAIDE, Jean-Loup SIEFF, Willy RONIS, Robert DOISNEAU, Marc RIBOUD, Marie-Louise BREHANT, \u00c9douard BOUBAT, BRASSA\u00cf et plus r\u00e9cemment, G\u00e9rard VANDYSTADT, Guy LE QUERREC, Uwe OMMER, Vincent MUNIER, Jean Claude GAUTRAND, Sabine WEISS&#8230;<\/p><p>Depuis 2020 : Apr\u00e8s l\u2019annulation de l\u2019\u00e9dition 2020 pour cause de crise sanitaire, le GAP a d\u00e9cid\u00e9 de revoir l\u2019organisation de cet \u00e9v\u00e8nement en proposant pour la premi\u00e8re fois, plusieurs lieux d\u2019exposition, dont certains en ext\u00e9rieur, et sur une plus longue p\u00e9riode. En rendant l\u2019exposition accessible dans des lieux publics, les \u0153uvres photographiques ont pu \u00eatre vues par un public qui n\u2019avait jamais franchi les portes de la salle d\u2019Exposition et des classes d\u2019\u00e9cole primaire sont venus spontan\u00e9ment les d\u00e9couvrir dans le cadre de th\u00e9matiques p\u00e9dagogiques. C\u2019est ainsi, que la Quinzaine Photographique est devenue le Festival Photo de Cholet.<\/p>\t\t\t\t\t\t<\/div>\n\t\t\t\t<\/div>\n\t\t\t\t\t<\/div>\n\t\t<\/div>\n\t\t\t\t<div class=\"elementor-column elementor-col-33 elementor-top-column elementor-element elementor-element-743f706\" data-id=\"743f706\" data-element_type=\"column\">\n\t\t\t<div class=\"elementor-widget-wrap\">\n\t\t\t\t\t\t\t\t\t<\/div>\n\t\t<\/div>\n\t\t\t\t\t\t\t<\/div>\n\t\t<\/section>\n\t\t\t\t<section class=\"elementor-section elementor-top-section elementor-element elementor-element-7062da0 elementor-section-full_width elementor-section-height-default elementor-section-height-default\" data-id=\"7062da0\" data-element_type=\"section\" data-settings=\"{&quot;background_background&quot;:&quot;classic&quot;}\">\n\t\t\t\t\t\t<div class=\"elementor-container elementor-column-gap-default\">\n\t\t\t\t\t<div class=\"elementor-column elementor-col-33 elementor-top-column elementor-element elementor-element-12c7161\" data-id=\"12c7161\" data-element_type=\"column\">\n\t\t\t<div class=\"elementor-widget-wrap\">\n\t\t\t\t\t\t\t\t\t<\/div>\n\t\t<\/div>\n\t\t\t\t<div class=\"elementor-column elementor-col-33 elementor-top-column elementor-element elementor-element-555b186\" data-id=\"555b186\" data-element_type=\"column\">\n\t\t\t<div class=\"elementor-widget-wrap elementor-element-populated\">\n\t\t\t\t\t\t\t\t<div class=\"elementor-element elementor-element-f3870d6 elementor-widget-divider--view-line_text elementor-widget-divider--element-align-left elementor-widget elementor-widget-divider\" data-id=\"f3870d6\" data-element_type=\"widget\" data-widget_type=\"divider.default\">\n\t\t\t\t<div class=\"elementor-widget-container\">\n\t\t\t\t\t<div class=\"elementor-divider\">\n\t\t\t<span class=\"elementor-divider-separator\">\n\t\t\t\t\t\t\t<span class=\"elementor-divider__text elementor-divider__element\">\n\t\t\t\tLes missions du GAP\t\t\t\t<\/span>\n\t\t\t\t\t\t<\/span>\n\t\t<\/div>\n\t\t\t\t<\/div>\n\t\t\t\t<\/div>\n\t\t\t\t\t<\/div>\n\t\t<\/div>\n\t\t\t\t<div class=\"elementor-column elementor-col-33 elementor-top-column elementor-element elementor-element-0977775\" data-id=\"0977775\" data-element_type=\"column\">\n\t\t\t<div class=\"elementor-widget-wrap\">\n\t\t\t\t\t\t\t\t\t<\/div>\n\t\t<\/div>\n\t\t\t\t\t\t\t<\/div>\n\t\t<\/section>\n\t\t\t\t<section class=\"elementor-section elementor-top-section elementor-element elementor-element-9cd2985 elementor-section-full_width elementor-section-height-default elementor-section-height-default\" data-id=\"9cd2985\" data-element_type=\"section\" data-settings=\"{&quot;background_background&quot;:&quot;classic&quot;}\">\n\t\t\t\t\t\t<div class=\"elementor-container elementor-column-gap-default\">\n\t\t\t\t\t<div class=\"elementor-column elementor-col-33 elementor-top-column elementor-element elementor-element-7235fbb\" data-id=\"7235fbb\" data-element_type=\"column\">\n\t\t\t<div class=\"elementor-widget-wrap\">\n\t\t\t\t\t\t\t\t\t<\/div>\n\t\t<\/div>\n\t\t\t\t<div class=\"elementor-column elementor-col-33 elementor-top-column elementor-element elementor-element-efd4cc0\" data-id=\"efd4cc0\" data-element_type=\"column\">\n\t\t\t<div class=\"elementor-widget-wrap elementor-element-populated\">\n\t\t\t\t\t\t\t\t<div class=\"elementor-element elementor-element-e2e2ea4 elementor-widget elementor-widget-text-editor\" data-id=\"e2e2ea4\" data-element_type=\"widget\" data-widget_type=\"text-editor.default\">\n\t\t\t\t<div class=\"elementor-widget-container\">\n\t\t\t\t\t\t\t<p>La mission du Groupe d\u2019Animation Photographique (GAP) est de promouvoir l\u2019art photographique aupr\u00e8s du plus grand nombre. C\u2019est pourquoi, le GAP travaille pour la conception et la mise en \u0153uvre du Festival de la Photographie de Cholet.<\/p><p>Les objectifs de ce festival, conform\u00e9ment au statut de l\u2019association, sont de\u00a0:<br \/>&#8211; faire d\u00e9couvrir des artistes photographes : Ainsi, chaque automne et pendant pr\u00e8s de 2 mois, des expositions de photographies sont propos\u00e9es dans diff\u00e9rents lieux int\u00e9rieurs et ext\u00e9rieurs. L\u2019ambition du GAP est d\u2019accueillir plus d\u2019artistes chaque ann\u00e9e et notamment de jeunes photographes.<br \/>&#8211; promouvoir ce m\u00e9dium artistique aupr\u00e8s du plus grand nombre : L&#8217;ambition du GAP est donc de d\u00e9velopper les animations autour de la photographie (stages, conf\u00e9rences, ateliers, concours, intervention et partenariat avec les \u00e9tablissements scolaires, \u2026).<\/p><p>Pour faire conna\u00eetre son action, le GAP a d\u00e9cid\u00e9 en 2022 d\u2019investir les r\u00e9seaux sociaux.<\/p>\t\t\t\t\t\t<\/div>\n\t\t\t\t<\/div>\n\t\t\t\t\t<\/div>\n\t\t<\/div>\n\t\t\t\t<div class=\"elementor-column elementor-col-33 elementor-top-column elementor-element elementor-element-70f757f\" data-id=\"70f757f\" data-element_type=\"column\">\n\t\t\t<div class=\"elementor-widget-wrap\">\n\t\t\t\t\t\t\t\t\t<\/div>\n\t\t<\/div>\n\t\t\t\t\t\t\t<\/div>\n\t\t<\/section>\n\t\t\t\t<section class=\"elementor-section elementor-top-section elementor-element elementor-element-25e4e35 elementor-hidden-desktop elementor-hidden-tablet elementor-hidden-mobile elementor-section-boxed elementor-section-height-default elementor-section-height-default\" data-id=\"25e4e35\" data-element_type=\"section\">\n\t\t\t\t\t\t<div class=\"elementor-container elementor-column-gap-default\">\n\t\t\t\t\t<div class=\"elementor-column elementor-col-50 elementor-top-column elementor-element elementor-element-96bb194\" data-id=\"96bb194\" data-element_type=\"column\" data-settings=\"{&quot;background_background&quot;:&quot;classic&quot;}\">\n\t\t\t<div class=\"elementor-widget-wrap elementor-element-populated\">\n\t\t\t\t\t\t\t\t<div class=\"elementor-element elementor-element-b4bdfe0 elementor-widget elementor-widget-heading\" data-id=\"b4bdfe0\" data-element_type=\"widget\" data-widget_type=\"heading.default\">\n\t\t\t\t<div class=\"elementor-widget-container\">\n\t\t\t<style>\/*! elementor - v3.6.7 - 03-07-2022 *\/\n.elementor-heading-title{padding:0;margin:0;line-height:1}.elementor-widget-heading .elementor-heading-title[class*=elementor-size-]>a{color:inherit;font-size:inherit;line-height:inherit}.elementor-widget-heading .elementor-heading-title.elementor-size-small{font-size:15px}.elementor-widget-heading .elementor-heading-title.elementor-size-medium{font-size:19px}.elementor-widget-heading .elementor-heading-title.elementor-size-large{font-size:29px}.elementor-widget-heading .elementor-heading-title.elementor-size-xl{font-size:39px}.elementor-widget-heading .elementor-heading-title.elementor-size-xxl{font-size:59px}<\/style><h2 class=\"elementor-heading-title elementor-size-default\">L'histoire du GAP<\/h2>\t\t<\/div>\n\t\t\t\t<\/div>\n\t\t\t\t\t<\/div>\n\t\t<\/div>\n\t\t\t\t<div class=\"elementor-column elementor-col-50 elementor-top-column elementor-element elementor-element-1c5f9a7\" data-id=\"1c5f9a7\" data-element_type=\"column\">\n\t\t\t<div class=\"elementor-widget-wrap\">\n\t\t\t\t\t\t\t\t\t<\/div>\n\t\t<\/div>\n\t\t\t\t\t\t\t<\/div>\n\t\t<\/section>\n\t\t\t\t\t\t\t<\/div>\n\t\t","protected":false},"excerpt":{"rendered":"<p>L&#8217;histoire du GAP En 1976, le Groupe d&#8217;Animation Photographique (GAP), association loi 1901 \u00e0 but non lucratif, est cr\u00e9\u00e9 \u00e0 l&#8217;initiative de G\u00e9rard MASSE et d\u2019un groupe d&#8217;amis passionn\u00e9s de photographie. De 1976 \u00e0 2019 : En multipliant contacts et rencontres, \u00e0 Arles en particulier, le GAP a contribu\u00e9 \u00e0 la promotion de la photographie&hellip;&nbsp;<a href=\"https:\/\/festivalphotocholet.com\/?page_id=1813\" class=\"\" rel=\"bookmark\">Lire la suite &raquo;<span class=\"screen-reader-text\">D\u00e9couvrir le GAP<\/span><\/a><\/p>\n","protected":false},"author":1,"featured_media":0,"parent":0,"menu_order":0,"comment_status":"closed","ping_status":"closed","template":"","meta":{"neve_meta_sidebar":"","neve_meta_container":"","neve_meta_enable_content_width":"","neve_meta_content_width":0,"neve_meta_title_alignment":"","neve_meta_author_avatar":"","neve_post_elements_order":"","neve_meta_disable_header":"","neve_meta_disable_footer":"","neve_meta_disable_title":"","neve_meta_reading_time":"","_themeisle_gutenberg_block_has_review":false,"_ti_tpc_template_sync":false,"_ti_tpc_template_id":""},"yoast_head":"<!-- This site is optimized with the Yoast SEO plugin v19.1 - https:\/\/yoast.com\/wordpress\/plugins\/seo\/ -->\n<title>D\u00e9couvrir le GAP - Festival Photo de Cholet<\/title>\n<meta name=\"robots\" content=\"index, follow, max-snippet:-1, max-image-preview:large, max-video-preview:-1\" \/>\n<link rel=\"canonical\" href=\"https:\/\/festivalphotocholet.com\/?page_id=1813\" \/>\n<meta property=\"og:locale\" content=\"fr_FR\" \/>\n<meta property=\"og:type\" content=\"article\" \/>\n<meta property=\"og:title\" content=\"D\u00e9couvrir le GAP - Festival Photo de Cholet\" \/>\n<meta property=\"og:description\" content=\"L&#8217;histoire du GAP En 1976, le Groupe d&#8217;Animation Photographique (GAP), association loi 1901 \u00e0 but non lucratif, est cr\u00e9\u00e9 \u00e0 l&#8217;initiative de G\u00e9rard MASSE et d\u2019un groupe d&#8217;amis passionn\u00e9s de photographie. De 1976 \u00e0 2019 : En multipliant contacts et rencontres, \u00e0 Arles en particulier, le GAP a contribu\u00e9 \u00e0 la promotion de la photographie&hellip;&nbsp;Lire la suite &raquo;D\u00e9couvrir le GAP\" \/>\n<meta property=\"og:url\" content=\"https:\/\/festivalphotocholet.com\/?page_id=1813\" \/>\n<meta property=\"og:site_name\" content=\"Festival Photo de Cholet\" \/>\n<meta property=\"article:publisher\" content=\"https:\/\/www.facebook.com\/festivalphotodecholet\" \/>\n<meta property=\"article:modified_time\" content=\"2023-10-08T08:07:34+00:00\" \/>\n<meta name=\"twitter:label1\" content=\"Dur\u00e9e de lecture estim\u00e9e\" \/>\n\t<meta name=\"twitter:data1\" content=\"2 minutes\" \/>\n<script type=\"application\/ld+json\" class=\"yoast-schema-graph\">{\"@context\":\"https:\/\/schema.org\",\"@graph\":[{\"@type\":\"Organization\",\"@id\":\"https:\/\/festivalphotocholet.com\/#organization\",\"name\":\"Festival Photo Cholet\",\"url\":\"https:\/\/festivalphotocholet.com\/\",\"sameAs\":[\"https:\/\/www.instagram.com\/festivalphotocholet\/\",\"https:\/\/www.facebook.com\/festivalphotodecholet\"],\"logo\":{\"@type\":\"ImageObject\",\"inLanguage\":\"fr-FR\",\"@id\":\"https:\/\/festivalphotocholet.com\/#\/schema\/logo\/image\/\",\"url\":\"https:\/\/festivalphotocholet.com\/wp-content\/uploads\/2022\/09\/cropped-cropped-Logo-Festival-1.jpg\",\"contentUrl\":\"https:\/\/festivalphotocholet.com\/wp-content\/uploads\/2022\/09\/cropped-cropped-Logo-Festival-1.jpg\",\"width\":200,\"height\":111,\"caption\":\"Festival Photo Cholet\"},\"image\":{\"@id\":\"https:\/\/festivalphotocholet.com\/#\/schema\/logo\/image\/\"}},{\"@type\":\"WebSite\",\"@id\":\"https:\/\/festivalphotocholet.com\/#website\",\"url\":\"https:\/\/festivalphotocholet.com\/\",\"name\":\"Festival Photo de Cholet\",\"description\":\"Festival Photo de Cholet\",\"publisher\":{\"@id\":\"https:\/\/festivalphotocholet.com\/#organization\"},\"potentialAction\":[{\"@type\":\"SearchAction\",\"target\":{\"@type\":\"EntryPoint\",\"urlTemplate\":\"https:\/\/festivalphotocholet.com\/?s={search_term_string}\"},\"query-input\":\"required name=search_term_string\"}],\"inLanguage\":\"fr-FR\"},{\"@type\":\"WebPage\",\"@id\":\"https:\/\/festivalphotocholet.com\/?page_id=1813#webpage\",\"url\":\"https:\/\/festivalphotocholet.com\/?page_id=1813\",\"name\":\"D\u00e9couvrir le GAP - Festival Photo de Cholet\",\"isPartOf\":{\"@id\":\"https:\/\/festivalphotocholet.com\/#website\"},\"datePublished\":\"2022-07-07T04:06:17+00:00\",\"dateModified\":\"2023-10-08T08:07:34+00:00\",\"breadcrumb\":{\"@id\":\"https:\/\/festivalphotocholet.com\/?page_id=1813#breadcrumb\"},\"inLanguage\":\"fr-FR\",\"potentialAction\":[{\"@type\":\"ReadAction\",\"target\":[\"https:\/\/festivalphotocholet.com\/?page_id=1813\"]}]},{\"@type\":\"BreadcrumbList\",\"@id\":\"https:\/\/festivalphotocholet.com\/?page_id=1813#breadcrumb\",\"itemListElement\":[{\"@type\":\"ListItem\",\"position\":1,\"name\":\"Accueil\",\"item\":\"https:\/\/festivalphotocholet.com\/\"},{\"@type\":\"ListItem\",\"position\":2,\"name\":\"D\u00e9couvrir le GAP\"}]}]}<\/script>\n<!-- \/ Yoast SEO plugin. -->","yoast_head_json":{"title":"D\u00e9couvrir le GAP - Festival Photo de Cholet","robots":{"index":"index","follow":"follow","max-snippet":"max-snippet:-1","max-image-preview":"max-image-preview:large","max-video-preview":"max-video-preview:-1"},"canonical":"https:\/\/festivalphotocholet.com\/?page_id=1813","og_locale":"fr_FR","og_type":"article","og_title":"D\u00e9couvrir le GAP - Festival Photo de Cholet","og_description":"L&#8217;histoire du GAP En 1976, le Groupe d&#8217;Animation Photographique (GAP), association loi 1901 \u00e0 but non lucratif, est cr\u00e9\u00e9 \u00e0 l&#8217;initiative de G\u00e9rard MASSE et d\u2019un groupe d&#8217;amis passionn\u00e9s de photographie. De 1976 \u00e0 2019 : En multipliant contacts et rencontres, \u00e0 Arles en particulier, le GAP a contribu\u00e9 \u00e0 la promotion de la photographie&hellip;&nbsp;Lire la suite &raquo;D\u00e9couvrir le GAP","og_url":"https:\/\/festivalphotocholet.com\/?page_id=1813","og_site_name":"Festival Photo de Cholet","article_publisher":"https:\/\/www.facebook.com\/festivalphotodecholet","article_modified_time":"2023-10-08T08:07:34+00:00","twitter_misc":{"Dur\u00e9e de lecture estim\u00e9e":"2 minutes"},"schema":{"@context":"https:\/\/schema.org","@graph":[{"@type":"Organization","@id":"https:\/\/festivalphotocholet.com\/#organization","name":"Festival Photo Cholet","url":"https:\/\/festivalphotocholet.com\/","sameAs":["https:\/\/www.instagram.com\/festivalphotocholet\/","https:\/\/www.facebook.com\/festivalphotodecholet"],"logo":{"@type":"ImageObject","inLanguage":"fr-FR","@id":"https:\/\/festivalphotocholet.com\/#\/schema\/logo\/image\/","url":"https:\/\/festivalphotocholet.com\/wp-content\/uploads\/2022\/09\/cropped-cropped-Logo-Festival-1.jpg","contentUrl":"https:\/\/festivalphotocholet.com\/wp-content\/uploads\/2022\/09\/cropped-cropped-Logo-Festival-1.jpg","width":200,"height":111,"caption":"Festival Photo Cholet"},"image":{"@id":"https:\/\/festivalphotocholet.com\/#\/schema\/logo\/image\/"}},{"@type":"WebSite","@id":"https:\/\/festivalphotocholet.com\/#website","url":"https:\/\/festivalphotocholet.com\/","name":"Festival Photo de Cholet","description":"Festival Photo de Cholet","publisher":{"@id":"https:\/\/festivalphotocholet.com\/#organization"},"potentialAction":[{"@type":"SearchAction","target":{"@type":"EntryPoint","urlTemplate":"https:\/\/festivalphotocholet.com\/?s={search_term_string}"},"query-input":"required name=search_term_string"}],"inLanguage":"fr-FR"},{"@type":"WebPage","@id":"https:\/\/festivalphotocholet.com\/?page_id=1813#webpage","url":"https:\/\/festivalphotocholet.com\/?page_id=1813","name":"D\u00e9couvrir le GAP - Festival Photo de Cholet","isPartOf":{"@id":"https:\/\/festivalphotocholet.com\/#website"},"datePublished":"2022-07-07T04:06:17+00:00","dateModified":"2023-10-08T08:07:34+00:00","breadcrumb":{"@id":"https:\/\/festivalphotocholet.com\/?page_id=1813#breadcrumb"},"inLanguage":"fr-FR","potentialAction":[{"@type":"ReadAction","target":["https:\/\/festivalphotocholet.com\/?page_id=1813"]}]},{"@type":"BreadcrumbList","@id":"https:\/\/festivalphotocholet.com\/?page_id=1813#breadcrumb","itemListElement":[{"@type":"ListItem","position":1,"name":"Accueil","item":"https:\/\/festivalphotocholet.com\/"},{"@type":"ListItem","position":2,"name":"D\u00e9couvrir le GAP"}]}]}},"_links":{"self":[{"href":"https:\/\/festivalphotocholet.com\/index.php?rest_route=\/wp\/v2\/pages\/1813"}],"collection":[{"href":"https:\/\/festivalphotocholet.com\/index.php?rest_route=\/wp\/v2\/pages"}],"about":[{"href":"https:\/\/festivalphotocholet.com\/index.php?rest_route=\/wp\/v2\/types\/page"}],"author":[{"embeddable":true,"href":"https:\/\/festivalphotocholet.com\/index.php?rest_route=\/wp\/v2\/users\/1"}],"replies":[{"embeddable":true,"href":"https:\/\/festivalphotocholet.com\/index.php?rest_route=%2Fwp%2Fv2%2Fcomments&post=1813"}],"version-history":[{"count":123,"href":"https:\/\/festivalphotocholet.com\/index.php?rest_route=\/wp\/v2\/pages\/1813\/revisions"}],"predecessor-version":[{"id":11454,"href":"https:\/\/festivalphotocholet.com\/index.php?rest_route=\/wp\/v2\/pages\/1813\/revisions\/11454"}],"wp:attachment":[{"href":"https:\/\/festivalphotocholet.com\/index.php?rest_route=%2Fwp%2Fv2%2Fmedia&parent=1813"}],"curies":[{"name":"wp","href":"https:\/\/api.w.org\/{rel}","templated":true}]}}